{"id":260,"date":"2026-01-22T12:04:20","date_gmt":"2026-01-22T12:04:20","guid":{"rendered":"https:\/\/vividsthermo.com\/?page_id=260"},"modified":"2026-01-23T17:45:18","modified_gmt":"2026-01-23T17:45:18","slug":"termografika","status":"publish","type":"page","link":"https:\/\/vividsthermo.com\/index.php\/termografika\/","title":{"rendered":"Termografika"},"content":{"rendered":"\t\t<div data-elementor-type=\"wp-page\" data-elementor-id=\"260\" class=\"elementor elementor-260\">\n\t\t\t\t<div class=\"elementor-element elementor-element-b9a8d26 e-flex e-con-boxed e-con e-parent\" data-id=\"b9a8d26\" data-element_type=\"container\" data-e-type=\"container\">\n\t\t\t\t\t<div class=\"e-con-inner\">\n\t\t\t\t<div class=\"elementor-element elementor-element-2e7596a elementor-widget elementor-widget-heading\" data-id=\"2e7596a\" data-element_type=\"widget\" data-e-type=\"widget\" data-widget_type=\"heading.default\">\n\t\t\t\t\t<h2 class=\"elementor-heading-title elementor-size-default\">TERMOGRAFIKA - INNOWACJA DLA PRZEMYS\u0141U\n <\/h2>\t\t\t\t<\/div>\n\t\t\t\t\t<\/div>\n\t\t\t\t<\/div>\n\t\t<div class=\"elementor-element elementor-element-9c89de1 e-flex e-con-boxed e-con e-parent\" data-id=\"9c89de1\" data-element_type=\"container\" data-e-type=\"container\">\n\t\t\t\t\t<div class=\"e-con-inner\">\n\t\t\t\t<div class=\"elementor-element elementor-element-d44230c elementor-widget elementor-widget-text-editor\" data-id=\"d44230c\" data-element_type=\"widget\" data-e-type=\"widget\" data-widget_type=\"text-editor.default\">\n\t\t\t\t\t\t\t\t\t<p>Oferujemy unikaln\u0105 na \u015bwiecie technologi\u0119 termograficzn\u0105, kt\u00f3ra znajduje\u00a0swoje zastosowanie\u00a0we wszystkich dziedzinach \u017cycia, zar\u00f3wno cywilnych, jak i wojskowych.<\/p><p>Termografia to proces pojawiania, wydobywania barwnego obrazu\/wzoru uprzednio naniesionego na przedmioty,\u00a0na skutek zmian temperatury powierzchni przedmiotu (zimno \u2013 ciep\u0142o).<\/p><p>Obecna na rynku technologia umo\u017cliwia jedynie zmian\u0119 jednego koloru w drugi. Produkty oferowane przez nasz\u0105\u00a0firm\u0119\u00a0pozwalaj\u0105 na zmian\u0119 palety barw termografii w inn\u0105 palet\u0119 barw \/ wzor\u00f3w \/\u00a0zdj\u0119\u0107 w zdj\u0119cia. Ich zmienno\u015b\u0107 uzale\u017cniona jest w zakresie temperatur, kt\u00f3r\u0105 sami mo\u017cemy wyznacza\u0107: <strong><em>od 10 \u00b0C\u00a0do 65 \u00b0C<\/em><\/strong>\u00a0(znacznie ni\u017cszy zakres temperatur od powszechnie stosowanej metody).\u00a0Dzi\u0119ki temu mo\u017cna nak\u0142ada\u0107 kolejne warstwy wzor\u00f3w, maksymalnie\u00a0<\/p><p>do 5 warstw w\u0142\u0105cznie co:<strong><em> 10, 13, 15, 17 ,21, 25, 30, 33, 38, 43, 45, 50, 65\u00b0C.\u00a0<\/em><\/strong><\/p><div id=\"element_132\" class=\"w-object ww_element\" data-element-type=\"text\" data-positionorigin=\"pageTopLeft\"><div id=\"element_132_content\" class=\"content text_content\"><div class=\"ww_text_wrapper wwTextContent forceLineHeight\"><h3><span style=\"color: #333399; font-family: 'Lucida Sans Unicode', 'Lucida Grande', sans-serif;\">ZASTOSOWANIE TECHNOLOGII TERMOGRAFICZNEJ W ROZWOJU SI\u0141 ZBROJNYCH<\/span><\/h3><\/div><\/div><\/div><div id=\"element_135\" class=\"w-object ww_element\" data-element-type=\"text\" data-positionorigin=\"pageTopLeft\"><div id=\"element_135_content\" class=\"content text_content\"><div class=\"ww_text_wrapper wwTextContent forceLineHeight\"><p>Termografia znajduje zastosowanie w r\u00f3\u017cnych dziedzinach \u017cycia, zar\u00f3wno cywilnych, jak i wojskowych. Zastosowanie technologii termograficznej \u00a0w armii mo\u017ce by\u0107 wr\u0119cz strategiczne. Zaczynaj\u0105c od zmiany kamufla\u017cu jednostek lataj\u0105cych w zale\u017cno\u015bci od temperatury i nas\u0142onecznienia otoczenia, po zmian\u0119 kamufla\u017cu na broni, pojazdach i umundurowaniu.<\/p><\/div><\/div><\/div><div id=\"element_130\" class=\"w-object ww_element\" data-element-type=\"text\" data-positionorigin=\"pageTopLeft\"><div id=\"element_130_content\" class=\"content text_content\"><div class=\"ww_text_wrapper wwTextContent forceLineHeight\"><p>Dzi\u0119ki swoim unikalnym w\u0142a\u015bciwo\u015bciom, technologia termograficzna znajduje zastosowanie w wielu dziedzinach \u017cycia, umo\u017cliwiaj\u0105c tworzenie trwa\u0142ych i funkcjonalnych produkt\u00f3w, kt\u00f3re spe\u0142niaj\u0105 najwy\u017csze standardy jako\u015bci. Jest to rozwi\u0105zanie, kt\u00f3re warto rozwa\u017cy\u0107, niezale\u017cnie od bran\u017cy, w kt\u00f3rej dzia\u0142amy.<\/p><\/div><\/div><\/div>\t\t\t\t\t\t\t\t<\/div>\n\t\t<div class=\"elementor-element elementor-element-0826d24 e-con-full e-flex e-con e-child\" data-id=\"0826d24\" data-element_type=\"container\" data-e-type=\"container\">\n\t\t\t\t<\/div>\n\t\t<div class=\"elementor-element elementor-element-60a407c e-con-full e-flex e-con e-child\" data-id=\"60a407c\" data-element_type=\"container\" data-e-type=\"container\">\n\t\t\t\t<div class=\"elementor-element elementor-element-9a86c60 elementor-widget elementor-widget-image-gallery\" data-id=\"9a86c60\" data-element_type=\"widget\" data-e-type=\"widget\" data-widget_type=\"image-gallery.default\">\n\t\t\t\t\t\t\t<div class=\"elementor-image-gallery\">\n\t\t\t\n\t\t<style type=\"text\/css\">\n\t\t\t#gallery-1 {\n\t\t\t\tmargin: auto;\n\t\t\t}\n\t\t\t#gallery-1 .gallery-item {\n\t\t\t\tfloat: left;\n\t\t\t\tmargin-top: 10px;\n\t\t\t\ttext-align: center;\n\t\t\t\twidth: 33%;\n\t\t\t}\n\t\t\t#gallery-1 img {\n\t\t\t\tborder: 2px solid #cfcfcf;\n\t\t\t}\n\t\t\t#gallery-1 .gallery-caption {\n\t\t\t\tmargin-left: 0;\n\t\t\t}\n\t\t\t\/* see gallery_shortcode() in wp-includes\/media.php *\/\n\t\t<\/style>\n\t\t<div id='gallery-1' class='gallery galleryid-260 gallery-columns-3 gallery-size-thumbnail'><dl class='gallery-item'>\n\t\t\t<dt class='gallery-icon portrait'>\n\t\t\t\t<a data-elementor-open-lightbox=\"yes\" data-elementor-lightbox-slideshow=\"9a86c60\" data-elementor-lightbox-title=\"3\" data-e-action-hash=\"#elementor-action%3Aaction%3Dlightbox%26settings%3DeyJpZCI6NTAwLCJ1cmwiOiJodHRwczpcL1wvdml2aWRzdGhlcm1vLmNvbVwvd3AtY29udGVudFwvdXBsb2Fkc1wvMjAyNlwvMDFcLzMucG5nIiwic2xpZGVzaG93IjoiOWE4NmM2MCJ9\" href='https:\/\/vividsthermo.com\/wp-content\/uploads\/2026\/01\/3.png'><img decoding=\"async\" width=\"150\" height=\"150\" src=\"https:\/\/vividsthermo.com\/wp-content\/uploads\/2026\/01\/3-150x150.png\" class=\"attachment-thumbnail size-thumbnail\" alt=\"\" srcset=\"https:\/\/vividsthermo.com\/wp-content\/uploads\/2026\/01\/3-150x150.png 150w, https:\/\/vividsthermo.com\/wp-content\/uploads\/2026\/01\/3-300x300.png 300w\" sizes=\"(max-width: 150px) 100vw, 150px\" \/><\/a>\n\t\t\t<\/dt><\/dl><dl class='gallery-item'>\n\t\t\t<dt class='gallery-icon landscape'>\n\t\t\t\t<a data-elementor-open-lightbox=\"yes\" data-elementor-lightbox-slideshow=\"9a86c60\" data-elementor-lightbox-title=\"4\" data-e-action-hash=\"#elementor-action%3Aaction%3Dlightbox%26settings%3DeyJpZCI6NTAxLCJ1cmwiOiJodHRwczpcL1wvdml2aWRzdGhlcm1vLmNvbVwvd3AtY29udGVudFwvdXBsb2Fkc1wvMjAyNlwvMDFcLzQucG5nIiwic2xpZGVzaG93IjoiOWE4NmM2MCJ9\" href='https:\/\/vividsthermo.com\/wp-content\/uploads\/2026\/01\/4.png'><img decoding=\"async\" width=\"150\" height=\"150\" src=\"https:\/\/vividsthermo.com\/wp-content\/uploads\/2026\/01\/4-150x150.png\" class=\"attachment-thumbnail size-thumbnail\" alt=\"\" srcset=\"https:\/\/vividsthermo.com\/wp-content\/uploads\/2026\/01\/4-150x150.png 150w, https:\/\/vividsthermo.com\/wp-content\/uploads\/2026\/01\/4-300x300.png 300w\" sizes=\"(max-width: 150px) 100vw, 150px\" \/><\/a>\n\t\t\t<\/dt><\/dl><dl class='gallery-item'>\n\t\t\t<dt class='gallery-icon landscape'>\n\t\t\t\t<a data-elementor-open-lightbox=\"yes\" data-elementor-lightbox-slideshow=\"9a86c60\" data-elementor-lightbox-title=\"5\" data-e-action-hash=\"#elementor-action%3Aaction%3Dlightbox%26settings%3DeyJpZCI6NTAyLCJ1cmwiOiJodHRwczpcL1wvdml2aWRzdGhlcm1vLmNvbVwvd3AtY29udGVudFwvdXBsb2Fkc1wvMjAyNlwvMDFcLzUucG5nIiwic2xpZGVzaG93IjoiOWE4NmM2MCJ9\" href='https:\/\/vividsthermo.com\/wp-content\/uploads\/2026\/01\/5.png'><img decoding=\"async\" width=\"150\" height=\"150\" src=\"https:\/\/vividsthermo.com\/wp-content\/uploads\/2026\/01\/5-150x150.png\" class=\"attachment-thumbnail size-thumbnail\" alt=\"\" srcset=\"https:\/\/vividsthermo.com\/wp-content\/uploads\/2026\/01\/5-150x150.png 150w, https:\/\/vividsthermo.com\/wp-content\/uploads\/2026\/01\/5-300x300.png 300w\" sizes=\"(max-width: 150px) 100vw, 150px\" \/><\/a>\n\t\t\t<\/dt><\/dl><br style=\"clear: both\" \/><dl class='gallery-item'>\n\t\t\t<dt class='gallery-icon landscape'>\n\t\t\t\t<a data-elementor-open-lightbox=\"yes\" data-elementor-lightbox-slideshow=\"9a86c60\" data-elementor-lightbox-title=\"6\" data-e-action-hash=\"#elementor-action%3Aaction%3Dlightbox%26settings%3DeyJpZCI6NTAzLCJ1cmwiOiJodHRwczpcL1wvdml2aWRzdGhlcm1vLmNvbVwvd3AtY29udGVudFwvdXBsb2Fkc1wvMjAyNlwvMDFcLzYucG5nIiwic2xpZGVzaG93IjoiOWE4NmM2MCJ9\" href='https:\/\/vividsthermo.com\/wp-content\/uploads\/2026\/01\/6.png'><img loading=\"lazy\" decoding=\"async\" width=\"150\" height=\"150\" src=\"https:\/\/vividsthermo.com\/wp-content\/uploads\/2026\/01\/6-150x150.png\" class=\"attachment-thumbnail size-thumbnail\" alt=\"\" srcset=\"https:\/\/vividsthermo.com\/wp-content\/uploads\/2026\/01\/6-150x150.png 150w, https:\/\/vividsthermo.com\/wp-content\/uploads\/2026\/01\/6-300x300.png 300w\" sizes=\"(max-width: 150px) 100vw, 150px\" \/><\/a>\n\t\t\t<\/dt><\/dl><dl class='gallery-item'>\n\t\t\t<dt class='gallery-icon landscape'>\n\t\t\t\t<a data-elementor-open-lightbox=\"yes\" data-elementor-lightbox-slideshow=\"9a86c60\" data-elementor-lightbox-title=\"7\" data-e-action-hash=\"#elementor-action%3Aaction%3Dlightbox%26settings%3DeyJpZCI6NTA0LCJ1cmwiOiJodHRwczpcL1wvdml2aWRzdGhlcm1vLmNvbVwvd3AtY29udGVudFwvdXBsb2Fkc1wvMjAyNlwvMDFcLzcucG5nIiwic2xpZGVzaG93IjoiOWE4NmM2MCJ9\" href='https:\/\/vividsthermo.com\/wp-content\/uploads\/2026\/01\/7.png'><img loading=\"lazy\" decoding=\"async\" width=\"150\" height=\"150\" src=\"https:\/\/vividsthermo.com\/wp-content\/uploads\/2026\/01\/7-150x150.png\" class=\"attachment-thumbnail size-thumbnail\" alt=\"\" srcset=\"https:\/\/vividsthermo.com\/wp-content\/uploads\/2026\/01\/7-150x150.png 150w, https:\/\/vividsthermo.com\/wp-content\/uploads\/2026\/01\/7-300x300.png 300w\" sizes=\"(max-width: 150px) 100vw, 150px\" \/><\/a>\n\t\t\t<\/dt><\/dl><dl class='gallery-item'>\n\t\t\t<dt class='gallery-icon landscape'>\n\t\t\t\t<a data-elementor-open-lightbox=\"yes\" data-elementor-lightbox-slideshow=\"9a86c60\" data-elementor-lightbox-title=\"8\" data-e-action-hash=\"#elementor-action%3Aaction%3Dlightbox%26settings%3DeyJpZCI6NTA1LCJ1cmwiOiJodHRwczpcL1wvdml2aWRzdGhlcm1vLmNvbVwvd3AtY29udGVudFwvdXBsb2Fkc1wvMjAyNlwvMDFcLzgucG5nIiwic2xpZGVzaG93IjoiOWE4NmM2MCJ9\" href='https:\/\/vividsthermo.com\/wp-content\/uploads\/2026\/01\/8.png'><img loading=\"lazy\" decoding=\"async\" width=\"150\" height=\"150\" src=\"https:\/\/vividsthermo.com\/wp-content\/uploads\/2026\/01\/8-150x150.png\" class=\"attachment-thumbnail size-thumbnail\" alt=\"\" srcset=\"https:\/\/vividsthermo.com\/wp-content\/uploads\/2026\/01\/8-150x150.png 150w, https:\/\/vividsthermo.com\/wp-content\/uploads\/2026\/01\/8-300x300.png 300w\" sizes=\"(max-width: 150px) 100vw, 150px\" \/><\/a>\n\t\t\t<\/dt><\/dl><br style=\"clear: both\" \/>\n\t\t<\/div>\n\t\t<\/div>\n\t\t\t\t\t\t<\/div>\n\t\t\t\t<\/div>\n\t\t\t\t\t<\/div>\n\t\t\t\t<\/div>\n\t\t<div class=\"elementor-element elementor-element-0228115 e-flex e-con-boxed e-con e-parent\" data-id=\"0228115\" data-element_type=\"container\" data-e-type=\"container\">\n\t\t\t\t\t<div class=\"e-con-inner\">\n\t\t\t\t<div class=\"elementor-element elementor-element-b04b5fd elementor-widget elementor-widget-video\" data-id=\"b04b5fd\" data-element_type=\"widget\" data-e-type=\"widget\" data-settings=\"{&quot;youtube_url&quot;:&quot;https:\\\/\\\/youtube.com\\\/shorts\\\/uNNqItWQX8c?feature=share&quot;,&quot;mute&quot;:&quot;yes&quot;,&quot;video_type&quot;:&quot;youtube&quot;,&quot;controls&quot;:&quot;yes&quot;}\" data-widget_type=\"video.default\">\n\t\t\t\t\t\t\t<div class=\"elementor-wrapper elementor-open-inline\">\n\t\t\t<div class=\"elementor-video\"><\/div>\t\t<\/div>\n\t\t\t\t\t\t<\/div>\n\t\t\t\t\t<\/div>\n\t\t\t\t<\/div>\n\t\t<div class=\"elementor-element elementor-element-28b5289 e-flex e-con-boxed e-con e-parent\" data-id=\"28b5289\" data-element_type=\"container\" data-e-type=\"container\">\n\t\t\t\t\t<div class=\"e-con-inner\">\n\t\t\t\t<div class=\"elementor-element elementor-element-12ed268 elementor-widget elementor-widget-video\" data-id=\"12ed268\" data-element_type=\"widget\" data-e-type=\"widget\" data-settings=\"{&quot;youtube_url&quot;:&quot;https:\\\/\\\/youtu.be\\\/tPRiSdM704o&quot;,&quot;mute&quot;:&quot;yes&quot;,&quot;video_type&quot;:&quot;youtube&quot;,&quot;controls&quot;:&quot;yes&quot;}\" data-widget_type=\"video.default\">\n\t\t\t\t\t\t\t<div class=\"elementor-wrapper elementor-open-inline\">\n\t\t\t<div class=\"elementor-video\"><\/div>\t\t<\/div>\n\t\t\t\t\t\t<\/div>\n\t\t\t\t\t<\/div>\n\t\t\t\t<\/div>\n\t\t<div class=\"elementor-element elementor-element-0964a4f e-flex e-con-boxed e-con e-parent\" data-id=\"0964a4f\" data-element_type=\"container\" data-e-type=\"container\">\n\t\t\t\t\t<div class=\"e-con-inner\">\n\t\t\t\t<div class=\"elementor-element elementor-element-74b964b elementor-widget elementor-widget-video\" data-id=\"74b964b\" data-element_type=\"widget\" data-e-type=\"widget\" data-settings=\"{&quot;youtube_url&quot;:&quot;https:\\\/\\\/youtu.be\\\/F9Az1G5OQcA&quot;,&quot;mute&quot;:&quot;yes&quot;,&quot;video_type&quot;:&quot;youtube&quot;,&quot;controls&quot;:&quot;yes&quot;}\" data-widget_type=\"video.default\">\n\t\t\t\t\t\t\t<div class=\"elementor-wrapper elementor-open-inline\">\n\t\t\t<div class=\"elementor-video\"><\/div>\t\t<\/div>\n\t\t\t\t\t\t<\/div>\n\t\t\t\t\t<\/div>\n\t\t\t\t<\/div>\n\t\t\t\t<\/div>\n\t\t","protected":false},"excerpt":{"rendered":"<p>TERMOGRAFIKA &#8211; INNOWACJA DLA PRZEMYS\u0141U Oferujemy unikaln\u0105 na \u015bwiecie technologi\u0119 termograficzn\u0105, kt\u00f3ra znajduje\u00a0swoje zastosowanie\u00a0we wszystkich dziedzinach \u017cycia, zar\u00f3wno cywilnych, jak i wojskowych. Termografia to proces pojawiania, wydobywania barwnego obrazu\/wzoru uprzednio naniesionego na przedmioty,\u00a0na skutek zmian temperatury powierzchni przedmiotu (zimno \u2013 ciep\u0142o). Obecna na rynku technologia umo\u017cliwia jedynie zmian\u0119 jednego koloru w drugi. Produkty oferowane przez&hellip;<\/p>\n","protected":false},"author":1,"featured_media":0,"parent":0,"menu_order":0,"comment_status":"closed","ping_status":"closed","template":"","meta":{"footnotes":""},"class_list":["post-260","page","type-page","status-publish","hentry"],"_links":{"self":[{"href":"https:\/\/vividsthermo.com\/index.php\/wp-json\/wp\/v2\/pages\/260","targetHints":{"allow":["GET"]}}],"collection":[{"href":"https:\/\/vividsthermo.com\/index.php\/wp-json\/wp\/v2\/pages"}],"about":[{"href":"https:\/\/vividsthermo.com\/index.php\/wp-json\/wp\/v2\/types\/page"}],"author":[{"embeddable":true,"href":"https:\/\/vividsthermo.com\/index.php\/wp-json\/wp\/v2\/users\/1"}],"replies":[{"embeddable":true,"href":"https:\/\/vividsthermo.com\/index.php\/wp-json\/wp\/v2\/comments?post=260"}],"version-history":[{"count":34,"href":"https:\/\/vividsthermo.com\/index.php\/wp-json\/wp\/v2\/pages\/260\/revisions"}],"predecessor-version":[{"id":740,"href":"https:\/\/vividsthermo.com\/index.php\/wp-json\/wp\/v2\/pages\/260\/revisions\/740"}],"wp:attachment":[{"href":"https:\/\/vividsthermo.com\/index.php\/wp-json\/wp\/v2\/media?parent=260"}],"curies":[{"name":"wp","href":"https:\/\/api.w.org\/{rel}","templated":true}]}}