{"id":262,"date":"2026-01-22T12:06:19","date_gmt":"2026-01-22T12:06:19","guid":{"rendered":"https:\/\/vividsthermo.com\/?page_id=262"},"modified":"2026-01-23T17:36:22","modified_gmt":"2026-01-23T17:36:22","slug":"systemy-odsalania-wody","status":"publish","type":"page","link":"https:\/\/vividsthermo.com\/index.php\/systemy-odsalania-wody\/","title":{"rendered":"ODSALANIE I OCZYSZCZANIE WODY"},"content":{"rendered":"\t\t<div data-elementor-type=\"wp-page\" data-elementor-id=\"262\" class=\"elementor elementor-262\">\n\t\t\t\t<div class=\"elementor-element elementor-element-7610d9d e-flex e-con-boxed e-con e-parent\" data-id=\"7610d9d\" data-element_type=\"container\" data-e-type=\"container\">\n\t\t\t\t\t<div class=\"e-con-inner\">\n\t\t\t\t<div class=\"elementor-element elementor-element-dbb69dd elementor-widget elementor-widget-text-editor\" data-id=\"dbb69dd\" data-element_type=\"widget\" data-e-type=\"widget\" data-widget_type=\"text-editor.default\">\n\t\t\t\t\t\t\t\t\t<p>Nasza firma specjalizuje si\u0119 w produkcji zaawansowanych urz\u0105dze\u0144 do odsalania i uzdatniania wody, korzystaj\u0105c z nowoczesnych i opatentowanych technologii. Dzi\u0119ki naszym innowacyjnym rozwi\u0105zaniom oferujemy wydajne i ekologiczne systemy, kt\u00f3re dostarczaj\u0105 wod\u0119 najwy\u017cszej jako\u015bci zar\u00f3wno z zasob\u00f3w s\u0142odkich, jak i s\u0142onych.<\/p><p>Nasze urz\u0105dzenia s\u0105 idealne dla szpitali, hoteli, osiedli mieszkaniowych a nawet dla ca\u0142ych wsi i mniejszych miast. Korzystaj\u0105 z nich tak\u017ce takie s\u0142u\u017cby jak Stra\u017c Po\u017carna co \u015bwiadczy o ich niezawodno\u015bci oraz skuteczno\u015bci w r\u00f3\u017cnych warunkach.<\/p><p>Dzi\u0119ki naszym innowacyjnym rozwi\u0105zaniom oferujemy nie tylko czyst\u0105 i bezpieczn\u0105 wode ale tak\u017ce przyczyniamy sie do oczrony \u015brodowiska poprzez redukcj\u0119 zu\u017cycia energii oraz eliminacj\u0119 potrzeby stosowania chemikali\u00f3w.<\/p><h3><span style=\"color: #333399; font-family: 'Lucida Sans Unicode', 'Lucida Grande', sans-serif;\">TECHNOLOGIA UZDATNIANIA WODY S\u0141ODKIEJ<\/span><\/h3><p>Nasze urz\u0105dzenia wykorzystuj\u0105 technologi\u0119 \u017cywic jonowymiennych, kt\u00f3ra umo\u017cliwia uzdatnianie wody powierzchniowej, takiej jak woda z rzek, staw\u00f3w, studni czy jezior, do poziomu wody pitnej bez konieczno\u015bci jej wcze\u015bniejszej analizy. To rewolucyjne podej\u015bcie pozwala na uzyskanie najta\u0144szej wody pitnej bez skomplikowanych procedur laboratoryjnych. Nasz system CASCADA jest kompaktowy i mo\u017ce uzdatnia\u0107 do 900 litr\u00f3w wody na godzin\u0119, z mo\u017cliwo\u015bci\u0105 skalowania do wi\u0119kszych obj\u0119to\u015bci. Dzi\u0119ki opatentowanej technologii, uzyskana woda przewy\u017csza jako\u015bci\u0105 t\u0119, kt\u00f3r\u0105 mo\u017cna naby\u0107 w sklepach.<\/p><h3><span style=\"color: #333399; font-family: 'Lucida Sans Unicode', 'Lucida Grande', sans-serif;\">SYSTEMY DO ODSALANIA\u00a0WODY S\u0141ONEJ<\/span><\/h3><p>Oferujemy tak\u017ce zaawansowane systemy MDS, kt\u00f3re przekszta\u0142caj\u0105 wod\u0119 morsk\u0105 lub oceaniczn\u0105 w wod\u0119 pitn\u0105, zapewniaj\u0105c odsalanie na poziomie 100%. Nasze kontenerowe urz\u0105dzenia 20-stopowe, o przep\u0142ywie 2 m\u00b3 na godzin\u0119, mog\u0105 by\u0107 tak\u017ce zastosowane do uzdatniania wody s\u0142odkiej po wy\u0142\u0105czeniu modu\u0142u RO (odwr\u00f3conej osmozy). Ten innowacyjny system charakteryzuje si\u0119 wyj\u0105tkowo niskim zu\u017cyciem energii \u2013 nawet 9 razy mniejszym ni\u017c w tradycyjnych rozwi\u0105zaniach konkurencji.<\/p><div id=\"element_268\" class=\"w-object ww_element\" data-element-type=\"text\" data-positionorigin=\"pageTopLeft\"><div id=\"element_268_content\" class=\"content text_content\"><div class=\"ww_text_wrapper wwTextContent forceLineHeight\"><h3><span style=\"color: #333399; font-family: 'Lucida Sans Unicode', 'Lucida Grande', sans-serif;\">PRZEWAGA TECHNOLOGICZNA<\/span><\/h3><\/div><\/div><\/div><div id=\"element_269\" class=\"w-object ww_element\" data-element-type=\"text\" data-positionorigin=\"pageTopLeft\"><div id=\"element_269_content\" class=\"content text_content\"><div class=\"ww_text_wrapper wwTextContent forceLineHeight\"><p>Nasze opatentowane technologie zapewniaj\u0105 szereg unikalnych korzy\u015bci:<\/p><ul><li><p><strong>Niskie zu\u017cycie energii<\/strong>: Tylko 2,2 kW na 1 m\u00b3 wody, co jest wynikiem opatentowanego rozwi\u0105zania.<\/p><\/li><li><p><strong>Brak potrzeby stosowania chemii<\/strong>: Dzi\u0119ki unikalnemu systemowi wst\u0119pnego oczyszczania, nasze membrany maj\u0105 kilkukrotnie wi\u0119ksz\u0105 \u017cywotno\u015b\u0107 bez u\u017cycia antyskalant\u00f3w.<\/p><\/li><li><p><strong>Mineralizacja i jako\u015b\u0107 wody<\/strong>: Obowi\u0105zkowa mineralizacja chlorkami wapnia i magnezu oraz zastosowanie lamp UV zamiast chloru, co wp\u0142ywa na lepszy smak i jako\u015b\u0107 wody. Nasza woda spe\u0142nia najwy\u017csze standardy WHO.<\/p><\/li><li><p><strong>Usuwanie zanieczyszcze\u0144<\/strong>: Skutecznie usuwamy bor i zanieczyszczenia radioaktywne.<\/p><\/li><li><p><strong>D\u0142u\u017csze cykle pracy<\/strong>: Nasze systemy pracuj\u0105 4 razy d\u0142u\u017cej, co przek\u0142ada si\u0119 na ni\u017csze koszty serwisowania i minimaln\u0105 awaryjno\u015b\u0107.<\/p><\/li><li><p><strong>Mo\u017cliwo\u015b\u0107 alkalizacji<\/strong>: Woda mo\u017ce by\u0107 alkalizowana do poziomu pH 8,5.<\/p><\/li><li><p><strong>Mniejsza ilo\u015b\u0107 \u015bciek\u00f3w<\/strong>: Nasze systemy generuj\u0105 mniej odpad\u00f3w po uzdatnianiu wody.<\/p><\/li><li><p><strong>Rezonatory<\/strong>: Zamiana wody martwej po osmozie na wod\u0119 \u017cyw\u0105 za pomoc\u0105 opatentowanych rezonator\u00f3w.<\/p><\/li><\/ul><\/div><\/div><\/div>\t\t\t\t\t\t\t\t<\/div>\n\t\t<div class=\"elementor-element elementor-element-40f644a e-con-full e-flex e-con e-child\" data-id=\"40f644a\" data-element_type=\"container\" data-e-type=\"container\">\n\t\t\t\t<div class=\"elementor-element elementor-element-637af01 elementor-widget elementor-widget-heading\" data-id=\"637af01\" data-element_type=\"widget\" data-e-type=\"widget\" data-widget_type=\"heading.default\">\n\t\t\t\t\t<h2 class=\"elementor-heading-title elementor-size-default\">Nagrody i certyfikaty<\/h2>\t\t\t\t<\/div>\n\t\t\t\t<\/div>\n\t\t<div class=\"elementor-element elementor-element-7a3de49 e-con-full e-flex e-con e-child\" data-id=\"7a3de49\" data-element_type=\"container\" data-e-type=\"container\">\n\t\t\t\t<div class=\"elementor-element elementor-element-008cac5 elementor-widget elementor-widget-image-gallery\" data-id=\"008cac5\" data-element_type=\"widget\" data-e-type=\"widget\" data-widget_type=\"image-gallery.default\">\n\t\t\t\t\t\t\t<div class=\"elementor-image-gallery\">\n\t\t\t\n\t\t<style type=\"text\/css\">\n\t\t\t#gallery-1 {\n\t\t\t\tmargin: auto;\n\t\t\t}\n\t\t\t#gallery-1 .gallery-item {\n\t\t\t\tfloat: left;\n\t\t\t\tmargin-top: 10px;\n\t\t\t\ttext-align: center;\n\t\t\t\twidth: 33%;\n\t\t\t}\n\t\t\t#gallery-1 img {\n\t\t\t\tborder: 2px solid #cfcfcf;\n\t\t\t}\n\t\t\t#gallery-1 .gallery-caption {\n\t\t\t\tmargin-left: 0;\n\t\t\t}\n\t\t\t\/* see gallery_shortcode() in wp-includes\/media.php *\/\n\t\t<\/style>\n\t\t<div id='gallery-1' class='gallery galleryid-262 gallery-columns-3 gallery-size-thumbnail'><dl class='gallery-item'>\n\t\t\t<dt class='gallery-icon landscape'>\n\t\t\t\t<a data-elementor-open-lightbox=\"yes\" data-elementor-lightbox-slideshow=\"008cac5\" data-elementor-lightbox-title=\"4\" data-e-action-hash=\"#elementor-action%3Aaction%3Dlightbox%26settings%3DeyJpZCI6NTMyLCJ1cmwiOiJodHRwczpcL1wvdml2aWRzdGhlcm1vLmNvbVwvd3AtY29udGVudFwvdXBsb2Fkc1wvMjAyNlwvMDFcLzQuanBnIiwic2xpZGVzaG93IjoiMDA4Y2FjNSJ9\" href='https:\/\/vividsthermo.com\/wp-content\/uploads\/2026\/01\/4.jpg'><img decoding=\"async\" width=\"150\" height=\"150\" src=\"https:\/\/vividsthermo.com\/wp-content\/uploads\/2026\/01\/4-150x150.jpg\" class=\"attachment-thumbnail size-thumbnail\" alt=\"\" srcset=\"https:\/\/vividsthermo.com\/wp-content\/uploads\/2026\/01\/4-150x150.jpg 150w, https:\/\/vividsthermo.com\/wp-content\/uploads\/2026\/01\/4-300x300.jpg 300w\" sizes=\"(max-width: 150px) 100vw, 150px\" \/><\/a>\n\t\t\t<\/dt><\/dl><dl class='gallery-item'>\n\t\t\t<dt class='gallery-icon landscape'>\n\t\t\t\t<a data-elementor-open-lightbox=\"yes\" data-elementor-lightbox-slideshow=\"008cac5\" data-elementor-lightbox-title=\"5\" data-e-action-hash=\"#elementor-action%3Aaction%3Dlightbox%26settings%3DeyJpZCI6NTMzLCJ1cmwiOiJodHRwczpcL1wvdml2aWRzdGhlcm1vLmNvbVwvd3AtY29udGVudFwvdXBsb2Fkc1wvMjAyNlwvMDFcLzUuanBnIiwic2xpZGVzaG93IjoiMDA4Y2FjNSJ9\" href='https:\/\/vividsthermo.com\/wp-content\/uploads\/2026\/01\/5.jpg'><img decoding=\"async\" width=\"150\" height=\"150\" src=\"https:\/\/vividsthermo.com\/wp-content\/uploads\/2026\/01\/5-150x150.jpg\" class=\"attachment-thumbnail size-thumbnail\" alt=\"\" srcset=\"https:\/\/vividsthermo.com\/wp-content\/uploads\/2026\/01\/5-150x150.jpg 150w, https:\/\/vividsthermo.com\/wp-content\/uploads\/2026\/01\/5-300x300.jpg 300w\" sizes=\"(max-width: 150px) 100vw, 150px\" \/><\/a>\n\t\t\t<\/dt><\/dl><dl class='gallery-item'>\n\t\t\t<dt class='gallery-icon landscape'>\n\t\t\t\t<a data-elementor-open-lightbox=\"yes\" data-elementor-lightbox-slideshow=\"008cac5\" data-elementor-lightbox-title=\"6\" data-e-action-hash=\"#elementor-action%3Aaction%3Dlightbox%26settings%3DeyJpZCI6NTM0LCJ1cmwiOiJodHRwczpcL1wvdml2aWRzdGhlcm1vLmNvbVwvd3AtY29udGVudFwvdXBsb2Fkc1wvMjAyNlwvMDFcLzYuanBnIiwic2xpZGVzaG93IjoiMDA4Y2FjNSJ9\" href='https:\/\/vividsthermo.com\/wp-content\/uploads\/2026\/01\/6.jpg'><img decoding=\"async\" width=\"150\" height=\"150\" src=\"https:\/\/vividsthermo.com\/wp-content\/uploads\/2026\/01\/6-150x150.jpg\" class=\"attachment-thumbnail size-thumbnail\" alt=\"\" srcset=\"https:\/\/vividsthermo.com\/wp-content\/uploads\/2026\/01\/6-150x150.jpg 150w, https:\/\/vividsthermo.com\/wp-content\/uploads\/2026\/01\/6-300x300.jpg 300w\" sizes=\"(max-width: 150px) 100vw, 150px\" \/><\/a>\n\t\t\t<\/dt><\/dl><br style=\"clear: both\" \/>\n\t\t<\/div>\n\t\t<\/div>\n\t\t\t\t\t\t<\/div>\n\t\t\t\t<\/div>\n\t\t\t\t\t<\/div>\n\t\t\t\t<\/div>\n\t\t<div class=\"elementor-element elementor-element-8454d3a e-flex e-con-boxed e-con e-parent\" data-id=\"8454d3a\" data-element_type=\"container\" data-e-type=\"container\">\n\t\t\t\t\t<div class=\"e-con-inner\">\n\t\t\t\t<div class=\"elementor-element elementor-element-476b5b7 elementor-widget elementor-widget-image\" data-id=\"476b5b7\" data-element_type=\"widget\" data-e-type=\"widget\" data-widget_type=\"image.default\">\n\t\t\t\t\t\t\t\t\t\t\t\t\t\t\t<img loading=\"lazy\" decoding=\"async\" width=\"985\" height=\"739\" src=\"https:\/\/vividsthermo.com\/wp-content\/uploads\/2026\/01\/2.jpg\" class=\"attachment-large size-large wp-image-525\" alt=\"\" srcset=\"https:\/\/vividsthermo.com\/wp-content\/uploads\/2026\/01\/2.jpg 985w, https:\/\/vividsthermo.com\/wp-content\/uploads\/2026\/01\/2-300x225.jpg 300w, https:\/\/vividsthermo.com\/wp-content\/uploads\/2026\/01\/2-768x576.jpg 768w, https:\/\/vividsthermo.com\/wp-content\/uploads\/2026\/01\/2-160x120.jpg 160w\" sizes=\"(max-width: 985px) 100vw, 985px\" \/>\t\t\t\t\t\t\t\t\t\t\t\t\t\t\t<\/div>\n\t\t\t\t\t<\/div>\n\t\t\t\t<\/div>\n\t\t<div class=\"elementor-element elementor-element-d82f7af e-flex e-con-boxed e-con e-parent\" data-id=\"d82f7af\" data-element_type=\"container\" data-e-type=\"container\">\n\t\t\t\t\t<div class=\"e-con-inner\">\n\t\t\t\t<div class=\"elementor-element elementor-element-fa8f603 elementor-widget elementor-widget-image\" data-id=\"fa8f603\" data-element_type=\"widget\" data-e-type=\"widget\" data-widget_type=\"image.default\">\n\t\t\t\t\t\t\t\t\t\t\t\t\t\t\t<img loading=\"lazy\" decoding=\"async\" width=\"985\" height=\"740\" src=\"https:\/\/vividsthermo.com\/wp-content\/uploads\/2026\/01\/3.jpg\" class=\"attachment-large size-large wp-image-526\" alt=\"\" srcset=\"https:\/\/vividsthermo.com\/wp-content\/uploads\/2026\/01\/3.jpg 985w, https:\/\/vividsthermo.com\/wp-content\/uploads\/2026\/01\/3-300x225.jpg 300w, https:\/\/vividsthermo.com\/wp-content\/uploads\/2026\/01\/3-768x577.jpg 768w, https:\/\/vividsthermo.com\/wp-content\/uploads\/2026\/01\/3-160x120.jpg 160w\" sizes=\"(max-width: 985px) 100vw, 985px\" \/>\t\t\t\t\t\t\t\t\t\t\t\t\t\t\t<\/div>\n\t\t\t\t\t<\/div>\n\t\t\t\t<\/div>\n\t\t<div class=\"elementor-element elementor-element-88c6b09 e-flex e-con-boxed e-con e-parent\" data-id=\"88c6b09\" data-element_type=\"container\" data-e-type=\"container\">\n\t\t\t\t\t<div class=\"e-con-inner\">\n\t\t\t\t<div class=\"elementor-element elementor-element-277e2bd elementor-widget elementor-widget-image\" data-id=\"277e2bd\" data-element_type=\"widget\" data-e-type=\"widget\" data-widget_type=\"image.default\">\n\t\t\t\t\t\t\t\t\t\t\t\t\t\t\t<img loading=\"lazy\" decoding=\"async\" width=\"985\" height=\"736\" src=\"https:\/\/vividsthermo.com\/wp-content\/uploads\/2026\/01\/1.jpg\" class=\"attachment-large size-large wp-image-524\" alt=\"\" srcset=\"https:\/\/vividsthermo.com\/wp-content\/uploads\/2026\/01\/1.jpg 985w, https:\/\/vividsthermo.com\/wp-content\/uploads\/2026\/01\/1-300x224.jpg 300w, https:\/\/vividsthermo.com\/wp-content\/uploads\/2026\/01\/1-768x574.jpg 768w, https:\/\/vividsthermo.com\/wp-content\/uploads\/2026\/01\/1-160x120.jpg 160w\" sizes=\"(max-width: 985px) 100vw, 985px\" \/>\t\t\t\t\t\t\t\t\t\t\t\t\t\t\t<\/div>\n\t\t\t\t\t<\/div>\n\t\t\t\t<\/div>\n\t\t\t\t<\/div>\n\t\t","protected":false},"excerpt":{"rendered":"<p>Nasza firma specjalizuje si\u0119 w produkcji zaawansowanych urz\u0105dze\u0144 do odsalania i uzdatniania wody, korzystaj\u0105c z nowoczesnych i opatentowanych technologii. Dzi\u0119ki naszym innowacyjnym rozwi\u0105zaniom oferujemy wydajne i ekologiczne systemy, kt\u00f3re dostarczaj\u0105 wod\u0119 najwy\u017cszej jako\u015bci zar\u00f3wno z zasob\u00f3w s\u0142odkich, jak i s\u0142onych. Nasze urz\u0105dzenia s\u0105 idealne dla szpitali, hoteli, osiedli mieszkaniowych a nawet dla ca\u0142ych wsi i&hellip;<\/p>\n","protected":false},"author":1,"featured_media":0,"parent":0,"menu_order":0,"comment_status":"closed","ping_status":"closed","template":"","meta":{"footnotes":""},"class_list":["post-262","page","type-page","status-publish","hentry"],"_links":{"self":[{"href":"https:\/\/vividsthermo.com\/index.php\/wp-json\/wp\/v2\/pages\/262","targetHints":{"allow":["GET"]}}],"collection":[{"href":"https:\/\/vividsthermo.com\/index.php\/wp-json\/wp\/v2\/pages"}],"about":[{"href":"https:\/\/vividsthermo.com\/index.php\/wp-json\/wp\/v2\/types\/page"}],"author":[{"embeddable":true,"href":"https:\/\/vividsthermo.com\/index.php\/wp-json\/wp\/v2\/users\/1"}],"replies":[{"embeddable":true,"href":"https:\/\/vividsthermo.com\/index.php\/wp-json\/wp\/v2\/comments?post=262"}],"version-history":[{"count":21,"href":"https:\/\/vividsthermo.com\/index.php\/wp-json\/wp\/v2\/pages\/262\/revisions"}],"predecessor-version":[{"id":722,"href":"https:\/\/vividsthermo.com\/index.php\/wp-json\/wp\/v2\/pages\/262\/revisions\/722"}],"wp:attachment":[{"href":"https:\/\/vividsthermo.com\/index.php\/wp-json\/wp\/v2\/media?parent=262"}],"curies":[{"name":"wp","href":"https:\/\/api.w.org\/{rel}","templated":true}]}}