{"id":281,"date":"2026-01-22T12:34:41","date_gmt":"2026-01-22T12:34:41","guid":{"rendered":"https:\/\/vividsthermo.com\/?page_id=281"},"modified":"2026-01-23T17:47:21","modified_gmt":"2026-01-23T17:47:21","slug":"termografika-3","status":"publish","type":"page","link":"https:\/\/vividsthermo.com\/index.php\/es\/termografika-3\/","title":{"rendered":"Termograf\u00eda"},"content":{"rendered":"\t\t<div data-elementor-type=\"wp-page\" data-elementor-id=\"281\" class=\"elementor elementor-281\">\n\t\t\t\t<div class=\"elementor-element elementor-element-c3abd95 e-flex e-con-boxed e-con e-parent\" data-id=\"c3abd95\" data-element_type=\"container\" data-e-type=\"container\">\n\t\t\t\t\t<div class=\"e-con-inner\">\n\t\t\t\t<div class=\"elementor-element elementor-element-1f198ba elementor-widget elementor-widget-heading\" data-id=\"1f198ba\" data-element_type=\"widget\" data-e-type=\"widget\" data-widget_type=\"heading.default\">\n\t\t\t\t\t<h2 class=\"elementor-heading-title elementor-size-default\">\n TERMOGRAF\u00cdA: INNOVACI\u00d3N PARA LA INDUSTRIA<\/h2>\t\t\t\t<\/div>\n\t\t\t\t\t<\/div>\n\t\t\t\t<\/div>\n\t\t<div class=\"elementor-element elementor-element-0381922 e-flex e-con-boxed e-con e-parent\" data-id=\"0381922\" data-element_type=\"container\" data-e-type=\"container\">\n\t\t\t\t\t<div class=\"e-con-inner\">\n\t\t<div class=\"elementor-element elementor-element-0c0f01b e-con-full e-flex e-con e-child\" data-id=\"0c0f01b\" data-element_type=\"container\" data-e-type=\"container\">\n\t\t\t\t<\/div>\n\t\t\t\t<div class=\"elementor-element elementor-element-d1712ef elementor-widget elementor-widget-text-editor\" data-id=\"d1712ef\" data-element_type=\"widget\" data-e-type=\"widget\" data-widget_type=\"text-editor.default\">\n\t\t\t\t\t\t\t\t\t<p>Ofrecemos una tecnolog\u00eda termogr\u00e1fica \u00fanica en el mundo, que encuentra su aplicaci\u00f3n en todos los \u00e1mbitos de la vida, tanto civiles como militares.<\/p><p>La termograf\u00eda es el proceso de aparici\u00f3n y extracci\u00f3n de una imagen\/patr\u00f3n de color previamente aplicado a los objetos, como resultado de los cambios de temperatura de la superficie del objeto (fr\u00edo-calor).<\/p><p>La tecnolog\u00eda actual disponible en el mercado solo permite cambiar un color por otro. Los productos que ofrece nuestra empresa permiten cambiar la paleta de colores de la termograf\u00eda por otra paleta de colores\/patrones\/im\u00e1genes en fotograf\u00edas. Su variabilidad depende del rango de temperaturas que nosotros mismos podemos determinar: <strong><em>de 10 \u00b0C a 65 \u00b0C<\/em> <\/strong>(un rango de temperaturas mucho m\u00e1s bajo que el del m\u00e9todo com\u00fanmente utilizado). Gracias a ello, se pueden aplicar capas sucesivas de patrones, hasta un m\u00e1ximo<\/p><p>de 5 capas, a cada <em><strong>10, 13, 15, 17 ,21, 25, 30, 33, 38, 43, 45, 50 y 65 \u00b0C.<\/strong><\/em><\/p><h3><span style=\"color: #333399;\">APLICACI\u00d3N DE LA TECNOLOG\u00cdA TERMOGR\u00c1FICA EN EL DESARROLLO DE LAS FUERZAS ARMADAS<\/span><\/h3><p>La termograf\u00eda se aplica en diversos \u00e1mbitos de la vida, tanto civiles como militares. El uso de la tecnolog\u00eda termogr\u00e1fica en el ej\u00e9rcito puede ser incluso estrat\u00e9gico. Desde el cambio de camuflaje de las unidades a\u00e9reas en funci\u00f3n de la temperatura y la insolaci\u00f3n del entorno, hasta el cambio de camuflaje en armas, veh\u00edculos y uniformes.<\/p><p>Gracias a sus propiedades \u00fanicas, la tecnolog\u00eda termogr\u00e1fica se utiliza en muchos \u00e1mbitos de la vida, permitiendo la creaci\u00f3n de productos duraderos y funcionales que cumplen con los m\u00e1s altos est\u00e1ndares de calidad. Es una soluci\u00f3n que vale la pena considerar, independientemente del sector en el que operemos.<\/p>\t\t\t\t\t\t\t\t<\/div>\n\t\t<div class=\"elementor-element elementor-element-58d5797 e-con-full e-flex e-con e-child\" data-id=\"58d5797\" data-element_type=\"container\" data-e-type=\"container\">\n\t\t\t\t<div class=\"elementor-element elementor-element-990bca5 elementor-widget elementor-widget-image-gallery\" data-id=\"990bca5\" data-element_type=\"widget\" data-e-type=\"widget\" data-widget_type=\"image-gallery.default\">\n\t\t\t\t\t\t\t<div class=\"elementor-image-gallery\">\n\t\t\t\n\t\t<style type=\"text\/css\">\n\t\t\t#gallery-1 {\n\t\t\t\tmargin: auto;\n\t\t\t}\n\t\t\t#gallery-1 .gallery-item {\n\t\t\t\tfloat: left;\n\t\t\t\tmargin-top: 10px;\n\t\t\t\ttext-align: center;\n\t\t\t\twidth: 33%;\n\t\t\t}\n\t\t\t#gallery-1 img {\n\t\t\t\tborder: 2px solid #cfcfcf;\n\t\t\t}\n\t\t\t#gallery-1 .gallery-caption {\n\t\t\t\tmargin-left: 0;\n\t\t\t}\n\t\t\t\/* see gallery_shortcode() in wp-includes\/media.php *\/\n\t\t<\/style>\n\t\t<div id='gallery-1' class='gallery galleryid-281 gallery-columns-3 gallery-size-thumbnail'><dl class='gallery-item'>\n\t\t\t<dt class='gallery-icon portrait'>\n\t\t\t\t<a data-elementor-open-lightbox=\"yes\" data-elementor-lightbox-slideshow=\"990bca5\" data-elementor-lightbox-title=\"3\" data-e-action-hash=\"#elementor-action%3Aaction%3Dlightbox%26settings%3DeyJpZCI6NTAwLCJ1cmwiOiJodHRwczpcL1wvdml2aWRzdGhlcm1vLmNvbVwvd3AtY29udGVudFwvdXBsb2Fkc1wvMjAyNlwvMDFcLzMucG5nIiwic2xpZGVzaG93IjoiOTkwYmNhNSJ9\" href='https:\/\/vividsthermo.com\/wp-content\/uploads\/2026\/01\/3.png'><img decoding=\"async\" width=\"150\" height=\"150\" src=\"https:\/\/vividsthermo.com\/wp-content\/uploads\/2026\/01\/3-150x150.png\" class=\"attachment-thumbnail size-thumbnail\" alt=\"\" srcset=\"https:\/\/vividsthermo.com\/wp-content\/uploads\/2026\/01\/3-150x150.png 150w, https:\/\/vividsthermo.com\/wp-content\/uploads\/2026\/01\/3-300x300.png 300w\" sizes=\"(max-width: 150px) 100vw, 150px\" \/><\/a>\n\t\t\t<\/dt><\/dl><dl class='gallery-item'>\n\t\t\t<dt class='gallery-icon landscape'>\n\t\t\t\t<a data-elementor-open-lightbox=\"yes\" data-elementor-lightbox-slideshow=\"990bca5\" data-elementor-lightbox-title=\"4\" data-e-action-hash=\"#elementor-action%3Aaction%3Dlightbox%26settings%3DeyJpZCI6NTAxLCJ1cmwiOiJodHRwczpcL1wvdml2aWRzdGhlcm1vLmNvbVwvd3AtY29udGVudFwvdXBsb2Fkc1wvMjAyNlwvMDFcLzQucG5nIiwic2xpZGVzaG93IjoiOTkwYmNhNSJ9\" href='https:\/\/vividsthermo.com\/wp-content\/uploads\/2026\/01\/4.png'><img decoding=\"async\" width=\"150\" height=\"150\" src=\"https:\/\/vividsthermo.com\/wp-content\/uploads\/2026\/01\/4-150x150.png\" class=\"attachment-thumbnail size-thumbnail\" alt=\"\" srcset=\"https:\/\/vividsthermo.com\/wp-content\/uploads\/2026\/01\/4-150x150.png 150w, https:\/\/vividsthermo.com\/wp-content\/uploads\/2026\/01\/4-300x300.png 300w\" sizes=\"(max-width: 150px) 100vw, 150px\" \/><\/a>\n\t\t\t<\/dt><\/dl><dl class='gallery-item'>\n\t\t\t<dt class='gallery-icon landscape'>\n\t\t\t\t<a data-elementor-open-lightbox=\"yes\" data-elementor-lightbox-slideshow=\"990bca5\" data-elementor-lightbox-title=\"5\" data-e-action-hash=\"#elementor-action%3Aaction%3Dlightbox%26settings%3DeyJpZCI6NTAyLCJ1cmwiOiJodHRwczpcL1wvdml2aWRzdGhlcm1vLmNvbVwvd3AtY29udGVudFwvdXBsb2Fkc1wvMjAyNlwvMDFcLzUucG5nIiwic2xpZGVzaG93IjoiOTkwYmNhNSJ9\" href='https:\/\/vividsthermo.com\/wp-content\/uploads\/2026\/01\/5.png'><img decoding=\"async\" width=\"150\" height=\"150\" src=\"https:\/\/vividsthermo.com\/wp-content\/uploads\/2026\/01\/5-150x150.png\" class=\"attachment-thumbnail size-thumbnail\" alt=\"\" srcset=\"https:\/\/vividsthermo.com\/wp-content\/uploads\/2026\/01\/5-150x150.png 150w, https:\/\/vividsthermo.com\/wp-content\/uploads\/2026\/01\/5-300x300.png 300w\" sizes=\"(max-width: 150px) 100vw, 150px\" \/><\/a>\n\t\t\t<\/dt><\/dl><br style=\"clear: both\" \/><dl class='gallery-item'>\n\t\t\t<dt class='gallery-icon landscape'>\n\t\t\t\t<a data-elementor-open-lightbox=\"yes\" data-elementor-lightbox-slideshow=\"990bca5\" data-elementor-lightbox-title=\"6\" data-e-action-hash=\"#elementor-action%3Aaction%3Dlightbox%26settings%3DeyJpZCI6NTAzLCJ1cmwiOiJodHRwczpcL1wvdml2aWRzdGhlcm1vLmNvbVwvd3AtY29udGVudFwvdXBsb2Fkc1wvMjAyNlwvMDFcLzYucG5nIiwic2xpZGVzaG93IjoiOTkwYmNhNSJ9\" href='https:\/\/vividsthermo.com\/wp-content\/uploads\/2026\/01\/6.png'><img loading=\"lazy\" decoding=\"async\" width=\"150\" height=\"150\" src=\"https:\/\/vividsthermo.com\/wp-content\/uploads\/2026\/01\/6-150x150.png\" class=\"attachment-thumbnail size-thumbnail\" alt=\"\" srcset=\"https:\/\/vividsthermo.com\/wp-content\/uploads\/2026\/01\/6-150x150.png 150w, https:\/\/vividsthermo.com\/wp-content\/uploads\/2026\/01\/6-300x300.png 300w\" sizes=\"(max-width: 150px) 100vw, 150px\" \/><\/a>\n\t\t\t<\/dt><\/dl><dl class='gallery-item'>\n\t\t\t<dt class='gallery-icon landscape'>\n\t\t\t\t<a data-elementor-open-lightbox=\"yes\" data-elementor-lightbox-slideshow=\"990bca5\" data-elementor-lightbox-title=\"7\" data-e-action-hash=\"#elementor-action%3Aaction%3Dlightbox%26settings%3DeyJpZCI6NTA0LCJ1cmwiOiJodHRwczpcL1wvdml2aWRzdGhlcm1vLmNvbVwvd3AtY29udGVudFwvdXBsb2Fkc1wvMjAyNlwvMDFcLzcucG5nIiwic2xpZGVzaG93IjoiOTkwYmNhNSJ9\" href='https:\/\/vividsthermo.com\/wp-content\/uploads\/2026\/01\/7.png'><img loading=\"lazy\" decoding=\"async\" width=\"150\" height=\"150\" src=\"https:\/\/vividsthermo.com\/wp-content\/uploads\/2026\/01\/7-150x150.png\" class=\"attachment-thumbnail size-thumbnail\" alt=\"\" srcset=\"https:\/\/vividsthermo.com\/wp-content\/uploads\/2026\/01\/7-150x150.png 150w, https:\/\/vividsthermo.com\/wp-content\/uploads\/2026\/01\/7-300x300.png 300w\" sizes=\"(max-width: 150px) 100vw, 150px\" \/><\/a>\n\t\t\t<\/dt><\/dl><dl class='gallery-item'>\n\t\t\t<dt class='gallery-icon landscape'>\n\t\t\t\t<a data-elementor-open-lightbox=\"yes\" data-elementor-lightbox-slideshow=\"990bca5\" data-elementor-lightbox-title=\"8\" data-e-action-hash=\"#elementor-action%3Aaction%3Dlightbox%26settings%3DeyJpZCI6NTA1LCJ1cmwiOiJodHRwczpcL1wvdml2aWRzdGhlcm1vLmNvbVwvd3AtY29udGVudFwvdXBsb2Fkc1wvMjAyNlwvMDFcLzgucG5nIiwic2xpZGVzaG93IjoiOTkwYmNhNSJ9\" href='https:\/\/vividsthermo.com\/wp-content\/uploads\/2026\/01\/8.png'><img loading=\"lazy\" decoding=\"async\" width=\"150\" height=\"150\" src=\"https:\/\/vividsthermo.com\/wp-content\/uploads\/2026\/01\/8-150x150.png\" class=\"attachment-thumbnail size-thumbnail\" alt=\"\" srcset=\"https:\/\/vividsthermo.com\/wp-content\/uploads\/2026\/01\/8-150x150.png 150w, https:\/\/vividsthermo.com\/wp-content\/uploads\/2026\/01\/8-300x300.png 300w\" sizes=\"(max-width: 150px) 100vw, 150px\" \/><\/a>\n\t\t\t<\/dt><\/dl><br style=\"clear: both\" \/>\n\t\t<\/div>\n\t\t<\/div>\n\t\t\t\t\t\t<\/div>\n\t\t\t\t<\/div>\n\t\t\t\t\t<\/div>\n\t\t\t\t<\/div>\n\t\t<div class=\"elementor-element elementor-element-0ebcfd4 e-flex e-con-boxed e-con e-parent\" data-id=\"0ebcfd4\" data-element_type=\"container\" data-e-type=\"container\">\n\t\t\t\t\t<div class=\"e-con-inner\">\n\t\t\t\t<div class=\"elementor-element elementor-element-addd2d0 elementor-widget elementor-widget-video\" data-id=\"addd2d0\" data-element_type=\"widget\" data-e-type=\"widget\" data-settings=\"{&quot;youtube_url&quot;:&quot;https:\\\/\\\/youtube.com\\\/shorts\\\/uNNqItWQX8c?feature=share&quot;,&quot;mute&quot;:&quot;yes&quot;,&quot;video_type&quot;:&quot;youtube&quot;,&quot;controls&quot;:&quot;yes&quot;}\" data-widget_type=\"video.default\">\n\t\t\t\t\t\t\t<div class=\"elementor-wrapper elementor-open-inline\">\n\t\t\t<div class=\"elementor-video\"><\/div>\t\t<\/div>\n\t\t\t\t\t\t<\/div>\n\t\t\t\t\t<\/div>\n\t\t\t\t<\/div>\n\t\t<div class=\"elementor-element elementor-element-2a4d2fc e-flex e-con-boxed e-con e-parent\" data-id=\"2a4d2fc\" data-element_type=\"container\" data-e-type=\"container\">\n\t\t\t\t\t<div class=\"e-con-inner\">\n\t\t\t\t<div class=\"elementor-element elementor-element-6b66c33 elementor-widget elementor-widget-video\" data-id=\"6b66c33\" data-element_type=\"widget\" data-e-type=\"widget\" data-settings=\"{&quot;youtube_url&quot;:&quot;https:\\\/\\\/youtu.be\\\/tPRiSdM704o&quot;,&quot;mute&quot;:&quot;yes&quot;,&quot;video_type&quot;:&quot;youtube&quot;,&quot;controls&quot;:&quot;yes&quot;}\" data-widget_type=\"video.default\">\n\t\t\t\t\t\t\t<div class=\"elementor-wrapper elementor-open-inline\">\n\t\t\t<div class=\"elementor-video\"><\/div>\t\t<\/div>\n\t\t\t\t\t\t<\/div>\n\t\t\t\t\t<\/div>\n\t\t\t\t<\/div>\n\t\t<div class=\"elementor-element elementor-element-ce533fa e-flex e-con-boxed e-con e-parent\" data-id=\"ce533fa\" data-element_type=\"container\" data-e-type=\"container\">\n\t\t\t\t\t<div class=\"e-con-inner\">\n\t\t\t\t<div class=\"elementor-element elementor-element-3222b67 elementor-widget elementor-widget-video\" data-id=\"3222b67\" data-element_type=\"widget\" data-e-type=\"widget\" data-settings=\"{&quot;youtube_url&quot;:&quot;https:\\\/\\\/youtu.be\\\/F9Az1G5OQcA&quot;,&quot;mute&quot;:&quot;yes&quot;,&quot;video_type&quot;:&quot;youtube&quot;,&quot;controls&quot;:&quot;yes&quot;}\" data-widget_type=\"video.default\">\n\t\t\t\t\t\t\t<div class=\"elementor-wrapper elementor-open-inline\">\n\t\t\t<div class=\"elementor-video\"><\/div>\t\t<\/div>\n\t\t\t\t\t\t<\/div>\n\t\t\t\t\t<\/div>\n\t\t\t\t<\/div>\n\t\t\t\t<\/div>\n\t\t","protected":false},"excerpt":{"rendered":"<p>TERMOGRAF\u00cdA: INNOVACI\u00d3N PARA LA INDUSTRIA Ofrecemos una tecnolog\u00eda termogr\u00e1fica \u00fanica en el mundo, que encuentra su aplicaci\u00f3n en todos los \u00e1mbitos de la vida, tanto civiles como militares. La termograf\u00eda es el proceso de aparici\u00f3n y extracci\u00f3n de una imagen\/patr\u00f3n de color previamente aplicado a los objetos, como resultado de los cambios de temperatura de&hellip;<\/p>\n","protected":false},"author":1,"featured_media":0,"parent":0,"menu_order":0,"comment_status":"closed","ping_status":"closed","template":"","meta":{"footnotes":""},"class_list":["post-281","page","type-page","status-publish","hentry"],"_links":{"self":[{"href":"https:\/\/vividsthermo.com\/index.php\/wp-json\/wp\/v2\/pages\/281","targetHints":{"allow":["GET"]}}],"collection":[{"href":"https:\/\/vividsthermo.com\/index.php\/wp-json\/wp\/v2\/pages"}],"about":[{"href":"https:\/\/vividsthermo.com\/index.php\/wp-json\/wp\/v2\/types\/page"}],"author":[{"embeddable":true,"href":"https:\/\/vividsthermo.com\/index.php\/wp-json\/wp\/v2\/users\/1"}],"replies":[{"embeddable":true,"href":"https:\/\/vividsthermo.com\/index.php\/wp-json\/wp\/v2\/comments?post=281"}],"version-history":[{"count":23,"href":"https:\/\/vividsthermo.com\/index.php\/wp-json\/wp\/v2\/pages\/281\/revisions"}],"predecessor-version":[{"id":746,"href":"https:\/\/vividsthermo.com\/index.php\/wp-json\/wp\/v2\/pages\/281\/revisions\/746"}],"wp:attachment":[{"href":"https:\/\/vividsthermo.com\/index.php\/wp-json\/wp\/v2\/media?parent=281"}],"curies":[{"name":"wp","href":"https:\/\/api.w.org\/{rel}","templated":true}]}}