{"id":463,"date":"2026-01-23T11:26:33","date_gmt":"2026-01-23T11:26:33","guid":{"rendered":"https:\/\/vividsthermo.com\/?page_id=463"},"modified":"2026-01-23T16:48:27","modified_gmt":"2026-01-23T16:48:27","slug":"o-nas","status":"publish","type":"page","link":"https:\/\/vividsthermo.com\/index.php\/o-nas\/","title":{"rendered":"O nas"},"content":{"rendered":"\t\t<div data-elementor-type=\"wp-page\" data-elementor-id=\"463\" class=\"elementor elementor-463\">\n\t\t\t\t<div class=\"elementor-element elementor-element-9939936 e-flex e-con-boxed e-con e-parent\" data-id=\"9939936\" data-element_type=\"container\" data-e-type=\"container\">\n\t\t\t\t\t<div class=\"e-con-inner\">\n\t\t\t\t<div class=\"elementor-element elementor-element-dd39ffa elementor-widget elementor-widget-text-editor\" data-id=\"dd39ffa\" data-element_type=\"widget\" data-e-type=\"widget\" data-widget_type=\"text-editor.default\">\n\t\t\t\t\t\t\t\t\t<p style=\"text-align: left;\">\u00a0 \u00a0 \u00a0Jeste\u015bmy zespo\u0142em specjalist\u00f3w, kt\u00f3rzy tworz\u0105, rozwijaj\u0105 i skutecznie wdra\u017caj\u0105 innowacyjne rozwi\u0105zania technologiczne oraz wynalazki. \u0141\u0105czymy kreatywne podej\u015bcie z praktyczn\u0105 wiedz\u0105 in\u017cyniersk\u0105, dzi\u0119ki czemu nasze pomys\u0142y nie ko\u0144cz\u0105 si\u0119 na etapie koncepcji, lecz realnie trafiaj\u0105 do u\u017cytkowania i produkcji.<br \/>\u00a0 \u00a0 \u00a0Nasz\u0105 misj\u0105 jest przekuwanie idei w dzia\u0142aj\u0105ce rozwi\u0105zania, kt\u00f3re odpowiadaj\u0105 na konkretne potrzeby rynku i klient\u00f3w. Pracujemy zar\u00f3wno nad autorskimi projektami, jak i nad rozwi\u0105zaniami tworzonymi we wsp\u00f3\u0142pracy z partnerami biznesowymi.<\/p><p style=\"text-align: left;\"><b><i>Pasja, do\u015bwiadczenie i technologia<\/i><\/b><br \/>Technologia to dla nas nie tylko praca, ale przede wszystkim pasja. Stale rozwijamy nasze kompetencje, \u015bledzimy nowe kierunki rozwoju oraz testujemy innowacyjne podej\u015bcia, aby oferowa\u0107 rozwi\u0105zania nowoczesne, efektywne i gotowe do wdro\u017cenia w rzeczywistych warunkach.<br \/>Wierzymy, \u017ce najlepsze projekty powstaj\u0105 tam, gdzie wiedza spotyka si\u0119 z zaanga\u017cowaniem, a innowacja ma realn\u0105 warto\u015b\u0107 u\u017cytkow\u0105.<\/p><p style=\"text-align: left;\"><b><i>Wsparcie od pomys\u0142u do produkcji<br \/><\/i><\/b>Zapewniamy kompleksowe doradztwo i wsparcie na ka\u017cdym etapie wdro\u017cenia produktu. Pomagamy w:<br \/>analizie i dopracowaniu koncepcji,<br \/>przygotowaniu rozwi\u0105za\u0144 technologicznych,<br \/>uruchamianiu i optymalizacji proces\u00f3w produkcyjnych,<br \/>wdra\u017caniu produktu do produkcji w zak\u0142adzie klienta.<br \/>Towarzyszymy naszym klientom od pierwszego pomys\u0142u a\u017c po finalne uruchomienie produkcji, dbaj\u0105c o funkcjonalno\u015b\u0107, bezpiecze\u0144stwo i efektywno\u015b\u0107 rozwi\u0105za\u0144.<\/p><p style=\"text-align: left;\"><i><b>Partnerstwo i indywidualne podej\u015bcie<br \/><\/b><\/i>Ka\u017cdy projekt traktujemy indywidualnie. S\u0142uchamy, doradzamy i wsp\u00f3lnie wypracowujemy najlepsze rozwi\u0105zania, dopasowane do specyfiki danego zak\u0142adu, bran\u017cy i cel\u00f3w biznesowych klienta.<br \/>Stawiamy na d\u0142ugofalow\u0105 wsp\u00f3\u0142prac\u0119 opart\u0105 na zaufaniu, transparentnej komunikacji i realnych efektach.<br \/><br \/>Je\u015bli szukasz partnera, kt\u00f3ry nie tylko wymy\u015bla, ale przede wszystkim skutecznie wdra\u017ca innowacje, zapraszamy do zapoznania si\u0119 z nasz\u0105 ofert\u0105 oraz do kontaktu.<br \/>Ch\u0119tnie pomo\u017cemy Ci przej\u015b\u0107 ca\u0142\u0105 drog\u0119 \u2013 od idei do dzia\u0142aj\u0105cej produkcji.<\/p><p>Zapraszamy do wsp\u00f3\u0142pracy<\/p>\t\t\t\t\t\t\t\t<\/div>\n\t\t\t\t\t<\/div>\n\t\t\t\t<\/div>\n\t\t\t\t<\/div>\n\t\t","protected":false},"excerpt":{"rendered":"<p>\u00a0 \u00a0 \u00a0Jeste\u015bmy zespo\u0142em specjalist\u00f3w, kt\u00f3rzy tworz\u0105, rozwijaj\u0105 i skutecznie wdra\u017caj\u0105 innowacyjne rozwi\u0105zania technologiczne oraz wynalazki. \u0141\u0105czymy kreatywne podej\u015bcie z praktyczn\u0105 wiedz\u0105 in\u017cyniersk\u0105, dzi\u0119ki czemu nasze pomys\u0142y nie ko\u0144cz\u0105 si\u0119 na etapie koncepcji, lecz realnie trafiaj\u0105 do u\u017cytkowania i produkcji.\u00a0 \u00a0 \u00a0Nasz\u0105 misj\u0105 jest przekuwanie idei w dzia\u0142aj\u0105ce rozwi\u0105zania, kt\u00f3re odpowiadaj\u0105 na konkretne potrzeby rynku&hellip;<\/p>\n","protected":false},"author":1,"featured_media":0,"parent":0,"menu_order":0,"comment_status":"closed","ping_status":"closed","template":"","meta":{"footnotes":""},"class_list":["post-463","page","type-page","status-publish","hentry"],"_links":{"self":[{"href":"https:\/\/vividsthermo.com\/index.php\/wp-json\/wp\/v2\/pages\/463","targetHints":{"allow":["GET"]}}],"collection":[{"href":"https:\/\/vividsthermo.com\/index.php\/wp-json\/wp\/v2\/pages"}],"about":[{"href":"https:\/\/vividsthermo.com\/index.php\/wp-json\/wp\/v2\/types\/page"}],"author":[{"embeddable":true,"href":"https:\/\/vividsthermo.com\/index.php\/wp-json\/wp\/v2\/users\/1"}],"replies":[{"embeddable":true,"href":"https:\/\/vividsthermo.com\/index.php\/wp-json\/wp\/v2\/comments?post=463"}],"version-history":[{"count":30,"href":"https:\/\/vividsthermo.com\/index.php\/wp-json\/wp\/v2\/pages\/463\/revisions"}],"predecessor-version":[{"id":666,"href":"https:\/\/vividsthermo.com\/index.php\/wp-json\/wp\/v2\/pages\/463\/revisions\/666"}],"wp:attachment":[{"href":"https:\/\/vividsthermo.com\/index.php\/wp-json\/wp\/v2\/media?parent=463"}],"curies":[{"name":"wp","href":"https:\/\/api.w.org\/{rel}","templated":true}]}}