{"id":474,"date":"2026-01-23T11:33:40","date_gmt":"2026-01-23T11:33:40","guid":{"rendered":"https:\/\/vividsthermo.com\/?page_id=474"},"modified":"2026-01-23T16:54:54","modified_gmt":"2026-01-23T16:54:54","slug":"o-nas-3","status":"publish","type":"page","link":"https:\/\/vividsthermo.com\/index.php\/es\/o-nas-3\/","title":{"rendered":"Acerca de nosotros"},"content":{"rendered":"\t\t<div data-elementor-type=\"wp-page\" data-elementor-id=\"474\" class=\"elementor elementor-474\">\n\t\t\t\t<div class=\"elementor-element elementor-element-a1b5db3 e-flex e-con-boxed e-con e-parent\" data-id=\"a1b5db3\" data-element_type=\"container\" data-e-type=\"container\">\n\t\t\t\t\t<div class=\"e-con-inner\">\n\t\t\t\t<div class=\"elementor-element elementor-element-7a43a25 elementor-widget elementor-widget-text-editor\" data-id=\"7a43a25\" data-element_type=\"widget\" data-e-type=\"widget\" data-widget_type=\"text-editor.default\">\n\t\t\t\t\t\t\t\t\t<p>Somos un equipo de especialistas que crean, desarrollan e implementan con \u00e9xito soluciones tecnol\u00f3gicas innovadoras e inventos. Combinamos un enfoque creativo con conocimientos pr\u00e1cticos de ingenier\u00eda, gracias a lo cual nuestras ideas no se quedan en la fase conceptual, sino que llegan realmente a la fase de uso y producci\u00f3n.<br \/>Nuestra misi\u00f3n es convertir las ideas en soluciones funcionales que respondan a las necesidades espec\u00edficas del mercado y de los clientes. Trabajamos tanto en proyectos propios como en soluciones creadas en colaboraci\u00f3n con socios comerciales.<\/p><p><em><strong>Pasi\u00f3n, experiencia y tecnolog\u00eda<\/strong><\/em><br \/>Para nosotros, la tecnolog\u00eda no es solo un trabajo, sino sobre todo una pasi\u00f3n. Desarrollamos constantemente nuestras competencias, seguimos las nuevas tendencias y probamos enfoques innovadores para ofrecer soluciones modernas, eficaces y listas para su implementaci\u00f3n en condiciones reales.<br \/>Creemos que los mejores proyectos surgen cuando el conocimiento se une al compromiso y la innovaci\u00f3n tiene un valor \u00fatil real.<\/p><p><em><strong>Apoyo desde la idea hasta la producci\u00f3n<\/strong><\/em><br \/>Ofrecemos asesoramiento y apoyo integrales en cada etapa de la implementaci\u00f3n del producto. Ayudamos en:<br \/>el an\u00e1lisis y el perfeccionamiento del concepto,<br \/>la preparaci\u00f3n de soluciones tecnol\u00f3gicas,<br \/>la puesta en marcha y la optimizaci\u00f3n de los procesos de producci\u00f3n,<br \/>la implementaci\u00f3n del producto en la producci\u00f3n en las instalaciones del cliente.<br \/>Acompa\u00f1amos a nuestros clientes desde la idea inicial hasta la puesta en marcha final de la producci\u00f3n, velando por la funcionalidad, la seguridad y la eficacia de las soluciones.<\/p><p><em><strong>Colaboraci\u00f3n y enfoque individualizado<\/strong><\/em><br \/>Tratamos cada proyecto de forma individualizada. Escuchamos, asesoramos y elaboramos conjuntamente las mejores soluciones, adaptadas a las caracter\u00edsticas espec\u00edficas de la planta, el sector y los objetivos comerciales del cliente.<br \/>Apostamos por una colaboraci\u00f3n a largo plazo basada en la confianza, la comunicaci\u00f3n transparente y los resultados reales.<br \/><br \/>Si busca un socio que no solo ide\u00e9, sino que, sobre todo, implemente eficazmente las innovaciones, le invitamos a conocer nuestra oferta y a ponerse en contacto con nosotros.<br \/>Estaremos encantados de ayudarle a recorrer todo el camino, desde la idea hasta la producci\u00f3n en funcionamiento.<\/p><p>Le invitamos a colaborar con nosotros.<\/p>\t\t\t\t\t\t\t\t<\/div>\n\t\t\t\t\t<\/div>\n\t\t\t\t<\/div>\n\t\t\t\t<\/div>\n\t\t","protected":false},"excerpt":{"rendered":"<p>Somos un equipo de especialistas que crean, desarrollan e implementan con \u00e9xito soluciones tecnol\u00f3gicas innovadoras e inventos. Combinamos un enfoque creativo con conocimientos pr\u00e1cticos de ingenier\u00eda, gracias a lo cual nuestras ideas no se quedan en la fase conceptual, sino que llegan realmente a la fase de uso y producci\u00f3n.Nuestra misi\u00f3n es convertir las ideas&hellip;<\/p>\n","protected":false},"author":1,"featured_media":0,"parent":0,"menu_order":0,"comment_status":"closed","ping_status":"closed","template":"","meta":{"footnotes":""},"class_list":["post-474","page","type-page","status-publish","hentry"],"_links":{"self":[{"href":"https:\/\/vividsthermo.com\/index.php\/wp-json\/wp\/v2\/pages\/474","targetHints":{"allow":["GET"]}}],"collection":[{"href":"https:\/\/vividsthermo.com\/index.php\/wp-json\/wp\/v2\/pages"}],"about":[{"href":"https:\/\/vividsthermo.com\/index.php\/wp-json\/wp\/v2\/types\/page"}],"author":[{"embeddable":true,"href":"https:\/\/vividsthermo.com\/index.php\/wp-json\/wp\/v2\/users\/1"}],"replies":[{"embeddable":true,"href":"https:\/\/vividsthermo.com\/index.php\/wp-json\/wp\/v2\/comments?post=474"}],"version-history":[{"count":20,"href":"https:\/\/vividsthermo.com\/index.php\/wp-json\/wp\/v2\/pages\/474\/revisions"}],"predecessor-version":[{"id":676,"href":"https:\/\/vividsthermo.com\/index.php\/wp-json\/wp\/v2\/pages\/474\/revisions\/676"}],"wp:attachment":[{"href":"https:\/\/vividsthermo.com\/index.php\/wp-json\/wp\/v2\/media?parent=474"}],"curies":[{"name":"wp","href":"https:\/\/api.w.org\/{rel}","templated":true}]}}